{"id":1183,"date":"2016-03-18T06:13:33","date_gmt":"2016-03-18T09:13:33","guid":{"rendered":"http:\/\/demos.famethemes.com\/onepress\/cart\/"},"modified":"2021-09-02T10:43:56","modified_gmt":"2021-09-02T13:43:56","slug":"contabilidad","status":"publish","type":"page","link":"https:\/\/estudiothery.com.ar\/?page_id=1183","title":{"rendered":"Contabilidad"},"content":{"rendered":"<p><img decoding=\"async\" width=\"800\" height=\"534\" src=\"https:\/\/estudiothery.com.ar\/wp-content\/uploads\/2021\/09\/contabilidad-de-empresa-1024x683.jpg\" alt=\"\" loading=\"lazy\" srcset=\"https:\/\/estudiothery.com.ar\/wp-content\/uploads\/2021\/09\/contabilidad-de-empresa-1024x683.jpg 1024w, https:\/\/estudiothery.com.ar\/wp-content\/uploads\/2021\/09\/contabilidad-de-empresa-300x200.jpg 300w, https:\/\/estudiothery.com.ar\/wp-content\/uploads\/2021\/09\/contabilidad-de-empresa-768x512.jpg 768w, https:\/\/estudiothery.com.ar\/wp-content\/uploads\/2021\/09\/contabilidad-de-empresa-1536x1024.jpg 1536w, https:\/\/estudiothery.com.ar\/wp-content\/uploads\/2021\/09\/contabilidad-de-empresa.jpg 1920w\" sizes=\"auto, (max-width: 800px) 100vw, 800px\" \/>\t\t\t\t\t\t\t\t\t\t\t\t\t\t\t<\/p>\n<ul style=\"margin-top: 0cm;\" type=\"disc\">\n<li style=\"color: #5dc7f2; margin-bottom: 0cm; line-height: 18.0pt; mso-list: l0 level1 lfo1; tab-stops: list 36.0pt; vertical-align: baseline;\"><b>Estados contables de presentaci\u00f3n.<\/b><\/li>\n<li style=\"color: #5dc7f2; margin-bottom: 0cm; line-height: 18.0pt; mso-list: l0 level1 lfo1; tab-stops: list 36.0pt; vertical-align: baseline;\"><b>Formularios post &#8211; balance a presentar ante los organismos de contralor.<\/b><\/li>\n<li style=\"color: #5dc7f2; margin-bottom: 0cm; line-height: 18.0pt; mso-list: l0 level1 lfo1; tab-stops: list 36.0pt; vertical-align: baseline;\"><b>Planificaci\u00f3n y dise\u00f1o del sistema contable.<\/b><\/li>\n<\/ul>\n","protected":false},"excerpt":{"rendered":"<p>Estados contables de presentaci\u00f3n. Formularios post &#8211; balance a presentar ante los organismos de contralor. Planificaci\u00f3n y dise\u00f1o del sistema contable.<\/p>\n","protected":false},"author":2,"featured_media":0,"parent":0,"menu_order":0,"comment_status":"closed","ping_status":"closed","template":"template-fullwidth.php","meta":{"_monsterinsights_skip_tracking":false,"_monsterinsights_sitenote_active":false,"_monsterinsights_sitenote_note":"","_monsterinsights_sitenote_category":0,"_joinchat":[],"footnotes":""},"class_list":["post-1183","page","type-page","status-publish","hentry"],"aioseo_notices":[],"_links":{"self":[{"href":"https:\/\/estudiothery.com.ar\/index.php?rest_route=\/wp\/v2\/pages\/1183","targetHints":{"allow":["GET"]}}],"collection":[{"href":"https:\/\/estudiothery.com.ar\/index.php?rest_route=\/wp\/v2\/pages"}],"about":[{"href":"https:\/\/estudiothery.com.ar\/index.php?rest_route=\/wp\/v2\/types\/page"}],"author":[{"embeddable":true,"href":"https:\/\/estudiothery.com.ar\/index.php?rest_route=\/wp\/v2\/users\/2"}],"replies":[{"embeddable":true,"href":"https:\/\/estudiothery.com.ar\/index.php?rest_route=%2Fwp%2Fv2%2Fcomments&post=1183"}],"version-history":[{"count":4,"href":"https:\/\/estudiothery.com.ar\/index.php?rest_route=\/wp\/v2\/pages\/1183\/revisions"}],"predecessor-version":[{"id":1514,"href":"https:\/\/estudiothery.com.ar\/index.php?rest_route=\/wp\/v2\/pages\/1183\/revisions\/1514"}],"wp:attachment":[{"href":"https:\/\/estudiothery.com.ar\/index.php?rest_route=%2Fwp%2Fv2%2Fmedia&parent=1183"}],"curies":[{"name":"wp","href":"https:\/\/api.w.org\/{rel}","templated":true}]}}